{"id":39,"date":"2022-09-27T08:57:14","date_gmt":"2022-09-27T08:57:14","guid":{"rendered":"https:\/\/icstyring.dk\/?page_id=39"},"modified":"2022-10-03T07:49:10","modified_gmt":"2022-10-03T07:49:10","slug":"cts","status":"publish","type":"page","link":"https:\/\/icstyring.dk\/?page_id=39","title":{"rendered":"IBI og CTS"},"content":{"rendered":"\n<div class=\"wp-block-columns is-layout-flex wp-container-core-columns-is-layout-9d6595d7 wp-block-columns-is-layout-flex\">\n<div class=\"wp-block-column is-layout-flow wp-block-column-is-layout-flow\" style=\"flex-basis:100%\">\n<p>       <\/p>\n<\/div>\n<\/div>\n\n\n\n<h2 class=\"wp-block-heading\" style=\"font-size:24px\"><strong>Basic Info.<\/strong><\/h2>\n\n\n\n<p><strong>IBI<\/strong> er en forkortelse af <strong>I<\/strong>ntelligente <strong>B<\/strong>ygnings <strong>I<\/strong>nstallationer.<\/p>\n\n\n\n<p><strong>CTS<\/strong> er en forkortelse af <strong>C<\/strong>entral <strong>T<\/strong>ilstand og <strong>S<\/strong>tyring.<\/p>\n\n\n\n<p><strong>BMS<\/strong> er en forkortelse af <strong>B<\/strong>uilding <strong>M<\/strong>anagement <strong>S<\/strong>ystem<\/p>\n\n\n\n<p><strong>HVAC<\/strong> er en engelsk forkortelse af <strong>H<\/strong>eating, <strong>V<\/strong>entilation, and <strong>A<\/strong>ir <strong>C<\/strong>onditioning. Dvs. varme- og k\u00f8leblandesl\u00f8jfer samt ventilation- og udsugningsanl\u00e6g.<\/p>\n\n\n\n<div class=\"wp-block-columns is-layout-flex wp-container-core-columns-is-layout-9d6595d7 wp-block-columns-is-layout-flex\">\n<div class=\"wp-block-column is-layout-flow wp-block-column-is-layout-flow\"><\/div>\n<\/div>\n\n\n\n<h2 class=\"wp-block-heading\" style=\"font-size:24px\"><strong>Beskrivelse af termer<\/strong><\/h2>\n\n\n\n<div class=\"wp-block-columns is-layout-flex wp-container-core-columns-is-layout-9d6595d7 wp-block-columns-is-layout-flex\">\n<div class=\"wp-block-column is-layout-flow wp-block-column-is-layout-flow\" style=\"flex-basis:100%\">\n<p>N\u00e5r der omtales et <strong>IBI- anl\u00e6g<\/strong>, vil der typisk v\u00e6re tale om styring af dagslysstyring eller indeklimastyring i et kontormilj\u00f8 eller andre rum, man \u00f8nsker at lave intelligent indeklimastyring. Her er der ikke n\u00f8dvendigvis tale om at systemet overv\u00e5ges eller tilg\u00e5s, med mindre en ekstern programm\u00f8r logger p\u00e5 systemet fra en PC.<\/p>\n<\/div>\n<\/div>\n\n\n\n<p>Et <strong>CTS- anl\u00e6g<\/strong> betyder i almen omtale b\u00e5de IBI- og HVAC anl\u00e6g, der tilsluttes en samlet CTS overv\u00e5gningsanl\u00e6g. Dvs. de tilsluttede anl\u00e6g og systemer kan oftest overv\u00e5ges fra en PC\/Serverl\u00f8sning ved mellem og st\u00f8rre CTS l\u00f8sninger, hvor data gemmes p\u00e5 harddisk eller CTS l\u00f8sningen kan udf\u00f8res direkte via kontroller l\u00f8sning ved mindre CTS l\u00f8sninger, hvor der ikke er s\u00e5 store krav til datam\u00e6ngder. Et CTS system kan oftest betjenes af en eller flere personer knyttet til driften af bygningen.<\/p>\n\n\n\n<p>Med et <strong>BMS- anl\u00e6g<\/strong> menes der ofte et st\u00f8rre og udvidet CTS anl\u00e6g, hvor man samler alle bygningens tekniske installationer. Dvs. et BMS anl\u00e6g kan b\u00e5de indeholde IBI og HVAC anl\u00e6g samt dataudveksling med AIA (<strong>A<\/strong>utomatisk <strong>I<\/strong>ndbruds-<strong>A<\/strong>larm<strong>)<\/strong>, ABA (<strong>A<\/strong>utomatisk <strong>B<\/strong>rand <strong>A<\/strong>larmeringsanl\u00e6g), Energioverv\u00e5gnig samt Drift og vedligehold mv..<\/p>\n","protected":false},"excerpt":{"rendered":"<p>Basic Info. IBI er en forkortelse af Intelligente Bygnings Installationer. CTS er en forkortelse af Central Tilstand og Styring. BMS er en forkortelse af Building [&hellip;]<\/p>\n","protected":false},"author":1,"featured_media":0,"parent":0,"menu_order":0,"comment_status":"closed","ping_status":"closed","template":"","meta":{"footnotes":""},"class_list":["post-39","page","type-page","status-publish","hentry"],"_links":{"self":[{"href":"https:\/\/icstyring.dk\/index.php?rest_route=\/wp\/v2\/pages\/39","targetHints":{"allow":["GET"]}}],"collection":[{"href":"https:\/\/icstyring.dk\/index.php?rest_route=\/wp\/v2\/pages"}],"about":[{"href":"https:\/\/icstyring.dk\/index.php?rest_route=\/wp\/v2\/types\/page"}],"author":[{"embeddable":true,"href":"https:\/\/icstyring.dk\/index.php?rest_route=\/wp\/v2\/users\/1"}],"replies":[{"embeddable":true,"href":"https:\/\/icstyring.dk\/index.php?rest_route=%2Fwp%2Fv2%2Fcomments&post=39"}],"version-history":[{"count":34,"href":"https:\/\/icstyring.dk\/index.php?rest_route=\/wp\/v2\/pages\/39\/revisions"}],"predecessor-version":[{"id":256,"href":"https:\/\/icstyring.dk\/index.php?rest_route=\/wp\/v2\/pages\/39\/revisions\/256"}],"wp:attachment":[{"href":"https:\/\/icstyring.dk\/index.php?rest_route=%2Fwp%2Fv2%2Fmedia&parent=39"}],"curies":[{"name":"wp","href":"https:\/\/api.w.org\/{rel}","templated":true}]}}