{"id":2,"date":"2022-09-26T14:21:52","date_gmt":"2022-09-26T14:21:52","guid":{"rendered":"https:\/\/icstyring.dk\/?page_id=2"},"modified":"2023-03-04T16:08:25","modified_gmt":"2023-03-04T16:08:25","slug":"sample-page","status":"publish","type":"page","link":"https:\/\/icstyring.dk\/","title":{"rendered":"R\u00e5dgivning"},"content":{"rendered":"\n<p><strong>IC Styring Aps udf\u00f8rer r\u00e5dgivning, projekthj\u00e6lp og kvalitetssikring af de fleste typer IBI- og CTS opgaver inden for bygningsautomatik.<\/strong><\/p>\n\n\n\n<p class=\"has-medium-font-size\"><strong>Det vil kunne v\u00e6re:<\/strong><\/p>\n\n\n\n<ul class=\"wp-block-list\">\n<li>Udf\u00f8relse af udbudsmaterialer til IBI og CTS entrepriser.<\/li>\n\n\n\n<li>Kvalitetssikring af sammenh\u00e6ngen i de tv\u00e6rfaglige entrepriser. Dvs. El-, VVS-, Ventilation og CTS entrepriserne.<\/li>\n\n\n\n<li>Commissioning af de tekniske entrepriser.<\/li>\n\n\n\n<li>Kvalitetssikring af udf\u00f8rt arbejde. Herunder funktionskontrol af anl\u00e6g, gennemgang af tavler, installationer og el-tegninger samt gennemgang af dokumentation herunder beskrivelser, funktionsafpr\u00f8vninger og step-respons diagrammer.<\/li>\n\n\n\n<li>R\u00e5d og vejledninger for energioptimeringer.<\/li>\n\n\n\n<li>Projektledelse af IBI og CTS opgaver.<\/li>\n\n\n\n<li>Assistere p\u00e5 DGNB Projekter.<\/li>\n<\/ul>\n\n\n\n<p>    &#8211;<\/p>\n\n\n\n<p style=\"font-size:18px\"><strong><em>Medlem af R\u00c5DET FOR B\u00c6REDYGTIGT BYGGERI.<\/em><\/strong><\/p>\n\n\n\n<figure class=\"wp-block-image size-full\"><img loading=\"lazy\" decoding=\"async\" width=\"160\" height=\"166\" src=\"https:\/\/icstyring.dk\/wp-content\/uploads\/2023\/03\/rfbb.png\" alt=\"\" class=\"wp-image-325\"\/><\/figure>\n","protected":false},"excerpt":{"rendered":"<p>IC Styring Aps udf\u00f8rer r\u00e5dgivning, projekthj\u00e6lp og kvalitetssikring af de fleste typer IBI- og CTS opgaver inden for bygningsautomatik. Det vil kunne v\u00e6re: &#8211; Medlem [&hellip;]<\/p>\n","protected":false},"author":1,"featured_media":0,"parent":0,"menu_order":0,"comment_status":"closed","ping_status":"open","template":"","meta":{"footnotes":""},"class_list":["post-2","page","type-page","status-publish","hentry"],"_links":{"self":[{"href":"https:\/\/icstyring.dk\/index.php?rest_route=\/wp\/v2\/pages\/2","targetHints":{"allow":["GET"]}}],"collection":[{"href":"https:\/\/icstyring.dk\/index.php?rest_route=\/wp\/v2\/pages"}],"about":[{"href":"https:\/\/icstyring.dk\/index.php?rest_route=\/wp\/v2\/types\/page"}],"author":[{"embeddable":true,"href":"https:\/\/icstyring.dk\/index.php?rest_route=\/wp\/v2\/users\/1"}],"replies":[{"embeddable":true,"href":"https:\/\/icstyring.dk\/index.php?rest_route=%2Fwp%2Fv2%2Fcomments&post=2"}],"version-history":[{"count":24,"href":"https:\/\/icstyring.dk\/index.php?rest_route=\/wp\/v2\/pages\/2\/revisions"}],"predecessor-version":[{"id":331,"href":"https:\/\/icstyring.dk\/index.php?rest_route=\/wp\/v2\/pages\/2\/revisions\/331"}],"wp:attachment":[{"href":"https:\/\/icstyring.dk\/index.php?rest_route=%2Fwp%2Fv2%2Fmedia&parent=2"}],"curies":[{"name":"wp","href":"https:\/\/api.w.org\/{rel}","templated":true}]}}